{"id":143,"date":"2023-02-11T13:22:35","date_gmt":"2023-02-11T13:22:35","guid":{"rendered":"https:\/\/campionesailing.it\/?page_id=143"},"modified":"2025-02-21T14:36:08","modified_gmt":"2025-02-21T14:36:08","slug":"perche-scegliere-campione-sailing-school","status":"publish","type":"page","link":"https:\/\/campionesailing.it\/en\/info\/perche-scegliere-campione-sailing-school\/","title":{"rendered":"Perch\u00e9 scegliere Campione del Garda"},"content":{"rendered":"<p>Alla Campione Sailing School (CSS) accogliamo ogni anno pi\u00f9 di 1000 giovani insieme ai loro capigruppo: creare esperienze stimolanti \u00e8 ci\u00f2 che facciamo e che ci appassiona. Vogliamo che il vostro gruppo &#8220;si dia da fare&#8221;, si diverta e sia pienamente preparato per un&#8217;avventura che lo prepari alla vita.<\/p>\n\n\n\n<p>Crediamo davvero di avere la competenza, l&#8217;esperienza e la passione per offrire a voi e al vostro gruppo un viaggio indimenticabile. Scoprite di seguito altri motivi per prenotare con il CSS.<\/p>\n\n\n\n<h2 class=\"wp-block-heading\">Altri motivi per scegliere le avventure CSS<\/h2>\n\n\n\n<div class=\"wp-block-columns alignwide is-layout-flex wp-container-core-columns-is-layout-28f84493 wp-block-columns-is-layout-flex\">\n<div class=\"wp-block-column is-layout-flow wp-block-column-is-layout-flow\">\n<figure class=\"wp-block-image size-large\"><img loading=\"lazy\" decoding=\"async\" width=\"1024\" height=\"683\" src=\"https:\/\/campionesailing.it\/wp-content\/uploads\/2023\/02\/NMC7470-1024x683.jpg\" alt=\"\" class=\"wp-image-128\" srcset=\"https:\/\/campionesailing.it\/wp-content\/uploads\/2023\/02\/NMC7470-1024x683.jpg 1024w, https:\/\/campionesailing.it\/wp-content\/uploads\/2023\/02\/NMC7470-600x400.jpg 600w, https:\/\/campionesailing.it\/wp-content\/uploads\/2023\/02\/NMC7470-300x200.jpg 300w, https:\/\/campionesailing.it\/wp-content\/uploads\/2023\/02\/NMC7470-768x512.jpg 768w, https:\/\/campionesailing.it\/wp-content\/uploads\/2023\/02\/NMC7470.jpg 1400w\" sizes=\"auto, (max-width: 1024px) 100vw, 1024px\" \/><\/figure>\n\n\n\n<h3 class=\"wp-block-heading\">Know how<\/h3>\n\n\n\n<p>Con oltre 10 anni di esperienza nell&#8217;offerta di viaggi residenziali per le scuole, sappiamo esattamente cosa rende un viaggio di successo. Lavoreremo con voi per creare un viaggio che sviluppi le abilit\u00e0 sociali e pratiche dei vostri alunni e che raggiunga gli obiettivi da voi desiderati.<\/p>\n<\/div>\n\n\n\n<div class=\"wp-block-column is-layout-flow wp-block-column-is-layout-flow\">\n<figure class=\"wp-block-image size-large\"><img loading=\"lazy\" decoding=\"async\" width=\"1024\" height=\"683\" src=\"https:\/\/campionesailing.it\/wp-content\/uploads\/2023\/02\/NMC7481-1024x683.jpg\" alt=\"\" class=\"wp-image-129\" srcset=\"https:\/\/campionesailing.it\/wp-content\/uploads\/2023\/02\/NMC7481-1024x683.jpg 1024w, https:\/\/campionesailing.it\/wp-content\/uploads\/2023\/02\/NMC7481-600x400.jpg 600w, https:\/\/campionesailing.it\/wp-content\/uploads\/2023\/02\/NMC7481-300x200.jpg 300w, https:\/\/campionesailing.it\/wp-content\/uploads\/2023\/02\/NMC7481-768x512.jpg 768w, https:\/\/campionesailing.it\/wp-content\/uploads\/2023\/02\/NMC7481.jpg 1400w\" sizes=\"auto, (max-width: 1024px) 100vw, 1024px\" \/><\/figure>\n\n\n\n<h3 class=\"wp-block-heading\">Comunicazione<\/h3>\n\n\n\n<p>Sappiamo quanto sia importante un viaggio residenziale ed \u00e8 per questo che abbiamo tutte le risorse per rendere il processo il pi\u00f9 semplice possibile. Vi forniremo un supporto completo in ogni fase del processo e ci assicureremo che siate seguiti in ogni momento.<\/p>\n<\/div>\n\n\n\n<div class=\"wp-block-column is-layout-flow wp-block-column-is-layout-flow\">\n<figure class=\"wp-block-image size-large\"><img loading=\"lazy\" decoding=\"async\" width=\"1024\" height=\"683\" src=\"https:\/\/campionesailing.it\/wp-content\/uploads\/2023\/02\/ASWC_Garda_298-scaled-e1676122240645-1024x683.jpg\" alt=\"\" class=\"wp-image-139\" srcset=\"https:\/\/campionesailing.it\/wp-content\/uploads\/2023\/02\/ASWC_Garda_298-scaled-e1676122240645-1024x683.jpg 1024w, https:\/\/campionesailing.it\/wp-content\/uploads\/2023\/02\/ASWC_Garda_298-scaled-e1676122240645-600x400.jpg 600w, https:\/\/campionesailing.it\/wp-content\/uploads\/2023\/02\/ASWC_Garda_298-scaled-e1676122240645-300x200.jpg 300w, https:\/\/campionesailing.it\/wp-content\/uploads\/2023\/02\/ASWC_Garda_298-scaled-e1676122240645-768x512.jpg 768w, https:\/\/campionesailing.it\/wp-content\/uploads\/2023\/02\/ASWC_Garda_298-scaled-e1676122240645-1536x1024.jpg 1536w, https:\/\/campionesailing.it\/wp-content\/uploads\/2023\/02\/ASWC_Garda_298-scaled-e1676122240645-1568x1046.jpg 1568w, https:\/\/campionesailing.it\/wp-content\/uploads\/2023\/02\/ASWC_Garda_298-scaled-e1676122240645.jpg 1600w\" sizes=\"auto, (max-width: 1024px) 100vw, 1024px\" \/><\/figure>\n\n\n\n<h3 class=\"wp-block-heading\">Sicurezza<\/h3>\n\n\n\n<p>\u00c8 semplice ma vero: con noi voi e i vostri studenti siete al primo posto. Negli ultimi 10 anni abbiamo lavorato duramente per mantenere gli eccezionali standard di sicurezza che applichiamo a tutti i nostri centri, per garantire un&#8217;esperienza residenziale di alta qualit\u00e0.<\/p>\n<\/div>\n<\/div>\n\n\n\n<div class=\"wp-block-columns alignwide is-layout-flex wp-container-core-columns-is-layout-28f84493 wp-block-columns-is-layout-flex\">\n<div class=\"wp-block-column is-layout-flow wp-block-column-is-layout-flow\">\n<figure class=\"wp-block-image size-large\"><img loading=\"lazy\" decoding=\"async\" width=\"1024\" height=\"683\" src=\"https:\/\/campionesailing.it\/wp-content\/uploads\/2023\/02\/NMC7514-1024x683.jpg\" alt=\"\" class=\"wp-image-131\" srcset=\"https:\/\/campionesailing.it\/wp-content\/uploads\/2023\/02\/NMC7514-1024x683.jpg 1024w, https:\/\/campionesailing.it\/wp-content\/uploads\/2023\/02\/NMC7514-600x400.jpg 600w, https:\/\/campionesailing.it\/wp-content\/uploads\/2023\/02\/NMC7514-300x200.jpg 300w, https:\/\/campionesailing.it\/wp-content\/uploads\/2023\/02\/NMC7514-768x512.jpg 768w, https:\/\/campionesailing.it\/wp-content\/uploads\/2023\/02\/NMC7514.jpg 1400w\" sizes=\"auto, (max-width: 1024px) 100vw, 1024px\" \/><\/figure>\n\n\n\n<h3 class=\"wp-block-heading\">Sosteniamo lo sviluppo<\/h3>\n\n\n\n<p>Creeremo un programma per garantire lo sviluppo personale e sociale di ogni membro del vostro gruppo, il tutto guidato da un team di persone appassionate che incoraggeranno i vostri ragazzi a &#8220;mettersi in gioco&#8221;.<\/p>\n<\/div>\n\n\n\n<div class=\"wp-block-column is-layout-flow wp-block-column-is-layout-flow\">\n<figure class=\"wp-block-image size-large\"><img loading=\"lazy\" decoding=\"async\" width=\"1024\" height=\"683\" src=\"https:\/\/campionesailing.it\/wp-content\/uploads\/2023\/02\/ASWC_Garda_368-1024x683.jpg\" alt=\"\" class=\"wp-image-132\" srcset=\"https:\/\/campionesailing.it\/wp-content\/uploads\/2023\/02\/ASWC_Garda_368-1024x683.jpg 1024w, https:\/\/campionesailing.it\/wp-content\/uploads\/2023\/02\/ASWC_Garda_368-scaled-600x400.jpg 600w, https:\/\/campionesailing.it\/wp-content\/uploads\/2023\/02\/ASWC_Garda_368-300x200.jpg 300w, https:\/\/campionesailing.it\/wp-content\/uploads\/2023\/02\/ASWC_Garda_368-768x512.jpg 768w, https:\/\/campionesailing.it\/wp-content\/uploads\/2023\/02\/ASWC_Garda_368-1536x1024.jpg 1536w, https:\/\/campionesailing.it\/wp-content\/uploads\/2023\/02\/ASWC_Garda_368-2048x1365.jpg 2048w, https:\/\/campionesailing.it\/wp-content\/uploads\/2023\/02\/ASWC_Garda_368-1568x1045.jpg 1568w\" sizes=\"auto, (max-width: 1024px) 100vw, 1024px\" \/><\/figure>\n\n\n\n<h3 class=\"wp-block-heading\">Ottimo rapporto qualit\u00e0\/prezzo<\/h3>\n\n\n\n<p>I nostri viaggi residenziali comprendono l&#8217;alloggio in pensione completa, l&#8217;insegnamento da parte di istruttori qualificati e l&#8217;uso di tutte le attrezzature. Offriamo anche programmi flessibili per soddisfare le esigenze del vostro gruppo.<\/p>\n<\/div>\n\n\n\n<div class=\"wp-block-column is-layout-flow wp-block-column-is-layout-flow\">\n<figure class=\"wp-block-image size-large\"><img loading=\"lazy\" decoding=\"async\" width=\"1024\" height=\"683\" src=\"https:\/\/campionesailing.it\/wp-content\/uploads\/2023\/02\/ASWC_Garda_093-1-1024x683.jpg\" alt=\"\" class=\"wp-image-138\" srcset=\"https:\/\/campionesailing.it\/wp-content\/uploads\/2023\/02\/ASWC_Garda_093-1-1024x683.jpg 1024w, https:\/\/campionesailing.it\/wp-content\/uploads\/2023\/02\/ASWC_Garda_093-1-scaled-600x400.jpg 600w, https:\/\/campionesailing.it\/wp-content\/uploads\/2023\/02\/ASWC_Garda_093-1-300x200.jpg 300w, https:\/\/campionesailing.it\/wp-content\/uploads\/2023\/02\/ASWC_Garda_093-1-768x512.jpg 768w, https:\/\/campionesailing.it\/wp-content\/uploads\/2023\/02\/ASWC_Garda_093-1-1536x1024.jpg 1536w, https:\/\/campionesailing.it\/wp-content\/uploads\/2023\/02\/ASWC_Garda_093-1-2048x1366.jpg 2048w, https:\/\/campionesailing.it\/wp-content\/uploads\/2023\/02\/ASWC_Garda_093-1-1568x1046.jpg 1568w\" sizes=\"auto, (max-width: 1024px) 100vw, 1024px\" \/><\/figure>\n\n\n\n<h3 class=\"wp-block-heading\">Programma di attivit\u00e0 di qualit\u00e0<\/h3>\n\n\n\n<p>La nostra gamma di attivit\u00e0 e programmi di attivit\u00e0 sia in acqua che fuori incoraggia l&#8217;inclusione, il lavoro di squadra, la leadership e la collaborazione. Offre ai vostri alunni l&#8217;opportunit\u00e0 di eccellere e divertirsi in un ambiente naturale all&#8217;aperto.<\/p>\n<\/div>\n<\/div>","protected":false},"excerpt":{"rendered":"<p>Alla Campione Sailing School (CSS) accogliamo ogni anno pi\u00f9 di 1000 giovani insieme ai loro capigruppo: creare esperienze stimolanti \u00e8 ci\u00f2 che facciamo e che ci appassiona. Vogliamo che il vostro gruppo &#8220;si dia da fare&#8221;, si diverta e sia pienamente preparato per un&#8217;avventura che lo prepari alla vita. Crediamo davvero di avere la competenza, [&hellip;]<\/p>\n","protected":false},"author":1,"featured_media":150,"parent":6,"menu_order":0,"comment_status":"closed","ping_status":"closed","template":"","meta":{"cybocfi_hide_featured_image":"","footnotes":""},"class_list":["post-143","page","type-page","status-publish","has-post-thumbnail","hentry"],"aioseo_notices":[],"jetpack_sharing_enabled":true,"_links":{"self":[{"href":"https:\/\/campionesailing.it\/en\/wp-json\/wp\/v2\/pages\/143","targetHints":{"allow":["GET"]}}],"collection":[{"href":"https:\/\/campionesailing.it\/en\/wp-json\/wp\/v2\/pages"}],"about":[{"href":"https:\/\/campionesailing.it\/en\/wp-json\/wp\/v2\/types\/page"}],"author":[{"embeddable":true,"href":"https:\/\/campionesailing.it\/en\/wp-json\/wp\/v2\/users\/1"}],"replies":[{"embeddable":true,"href":"https:\/\/campionesailing.it\/en\/wp-json\/wp\/v2\/comments?post=143"}],"version-history":[{"count":13,"href":"https:\/\/campionesailing.it\/en\/wp-json\/wp\/v2\/pages\/143\/revisions"}],"predecessor-version":[{"id":3048,"href":"https:\/\/campionesailing.it\/en\/wp-json\/wp\/v2\/pages\/143\/revisions\/3048"}],"up":[{"embeddable":true,"href":"https:\/\/campionesailing.it\/en\/wp-json\/wp\/v2\/pages\/6"}],"wp:featuredmedia":[{"embeddable":true,"href":"https:\/\/campionesailing.it\/en\/wp-json\/wp\/v2\/media\/150"}],"wp:attachment":[{"href":"https:\/\/campionesailing.it\/en\/wp-json\/wp\/v2\/media?parent=143"}],"curies":[{"name":"wp","href":"https:\/\/api.w.org\/{rel}","templated":true}]}}