{"id":3183,"date":"2025-08-10T08:43:15","date_gmt":"2025-08-10T08:43:15","guid":{"rendered":"https:\/\/campionesailing.it\/?page_id=3183"},"modified":"2025-08-10T14:26:31","modified_gmt":"2025-08-10T14:26:31","slug":"corso-di-vela-sul-lago-di-garda-con-rs-quest","status":"publish","type":"page","link":"https:\/\/campionesailing.it\/en\/prenota\/lezione-privata\/corso-di-vela-sul-lago-di-garda-con-rs-quest\/","title":{"rendered":"Corso di Vela sul Lago di Garda con RS Quest"},"content":{"rendered":"<div class=\"wp-block-group alignfull is-style-default has-global-padding is-layout-constrained wp-block-group-is-layout-constrained\" style=\"margin-top:0;margin-bottom:0\">\n<div class=\"wp-block-columns alignwide is-layout-flex wp-container-core-columns-is-layout-9c22b1e3 wp-block-columns-is-layout-flex\">\n<div class=\"wp-block-column is-vertically-aligned-center is-layout-flow wp-block-column-is-layout-flow\" style=\"padding-top:var(--wp--preset--spacing--60);padding-right:var(--wp--preset--spacing--60);padding-bottom:var(--wp--preset--spacing--60);padding-left:var(--wp--preset--spacing--60)\">\n<h2 class=\"wp-block-heading has-xx-large-font-size\">Corso di Vela sul Lago di Garda con RS Quest<\/h2>\n\n\n\n<blockquote class=\"wp-block-quote is-layout-flow wp-block-quote-is-layout-flow\">\n<p class=\"has-x-large-font-size\"><em>Per imparare a navigare da zero<\/em><\/p>\n<\/blockquote>\n<\/div>\n<\/div>\n<\/div>\n\n\n\n<div class=\"wp-block-group alignfull is-style-default has-base-color has-text-color has-background has-link-color wp-elements-bd05a1998026b97ffe9e371f7786c193 has-global-padding is-layout-constrained wp-block-group-is-layout-constrained\" style=\"background-color:#2d83aa;margin-top:0;margin-bottom:0\">\n<div class=\"wp-block-columns alignwide is-layout-flex wp-container-core-columns-is-layout-9c22b1e3 wp-block-columns-is-layout-flex\">\n<div class=\"wp-block-column is-vertically-aligned-center is-layout-flow wp-block-column-is-layout-flow\" style=\"padding-top:var(--wp--preset--spacing--60);padding-right:var(--wp--preset--spacing--60);padding-bottom:var(--wp--preset--spacing--60);padding-left:var(--wp--preset--spacing--60)\">\n<p>Se stai cercando un\u00a0<strong>corso di vela sul Lago di Garda<\/strong>\u00a0che ti permetta di imparare in modo semplice, sicuro e divertente, il nostro programma su\u00a0<strong>RS Quest<\/strong>\u00a0\u00e8 la scelta ideale.<\/p>\n\n\n\n<p>L\u2019RS Quest \u00e8 la barca perfetta per chi vuole partire da zero e conoscere tutte le manovre e la teoria della\u00a0<strong>vela moderna<\/strong>.<\/p>\n\n\n\n<div class=\"wp-block-buttons is-content-justification-center is-layout-flex wp-container-core-buttons-is-layout-a89b3969 wp-block-buttons-is-layout-flex\">\n<div class=\"wp-block-button\"><a class=\"wp-block-button__link has-contrast-color has-accent-1-background-color has-text-color has-background has-link-color has-text-align-left wp-element-button\" href=\"#prenota\"><strong>Prenota la tua lezione<\/strong><\/a><\/div>\n\n\n\n<div class=\"wp-block-button\"><a class=\"wp-block-button__link has-contrast-color has-text-color has-background has-link-color has-text-align-left wp-element-button\" href=\"https:\/\/api.whatsapp.com\/send?phone=390365791105&amp;text=QuestLesson\" style=\"background-color:#78ed5b\"><strong>Scrivici per info<\/strong><\/a><\/div>\n<\/div>\n<\/div>\n<\/div>\n<\/div>\n\n\n\n<div class=\"wp-block-group alignfull has-global-padding is-layout-constrained wp-block-group-is-layout-constrained\" style=\"margin-top:0;margin-bottom:0;padding-top:var(--wp--preset--spacing--50);padding-bottom:var(--wp--preset--spacing--50)\">\n<div class=\"wp-block-columns alignwide is-layout-flex wp-container-core-columns-is-layout-fa584acd wp-block-columns-is-layout-flex\">\n<div class=\"wp-block-column is-vertically-aligned-center is-layout-flow wp-block-column-is-layout-flow\">\n<h2 class=\"wp-block-heading has-xx-large-font-size\"><strong>Stabilit\u00e0, sicurezza e spaziosit\u00e0<\/strong><\/h2>\n\n\n\n<p class=\"has-large-font-size\">Grazie alla sua\u00a0<strong>stabilit\u00e0, sicurezza e spaziosit\u00e0<\/strong>, questa barca \u00e8 adatta sia agli adulti che ai bambini, e pu\u00f2 ospitare\u00a0<strong>da 2 a 5 persone<\/strong>. \u00c8 inaffondabile e progettata per garantire comodit\u00e0 e protezione, anche per la schiena. Non a caso, con l\u2019RS Quest accompagniamo anche i pazienti oncoematologici dell\u2019<strong>AIL Brescia<\/strong>\u00a0in esperienze di velaterapia.<\/p>\n<\/div>\n\n\n\n<div class=\"wp-block-column is-vertically-aligned-center is-layout-flow wp-block-column-is-layout-flow\">\n<figure class=\"wp-block-image size-full\"><img loading=\"lazy\" decoding=\"async\" width=\"1800\" height=\"1200\" src=\"https:\/\/campionesailing.it\/wp-content\/uploads\/2025\/08\/UNIVELA-1-Giugno-2025-19.jpeg\" alt=\"\" class=\"wp-image-3186\" style=\"aspect-ratio:1;object-fit:cover\" srcset=\"https:\/\/campionesailing.it\/wp-content\/uploads\/2025\/08\/UNIVELA-1-Giugno-2025-19.jpeg 1800w, https:\/\/campionesailing.it\/wp-content\/uploads\/2025\/08\/UNIVELA-1-Giugno-2025-19-300x200.jpeg 300w, https:\/\/campionesailing.it\/wp-content\/uploads\/2025\/08\/UNIVELA-1-Giugno-2025-19-1024x683.jpeg 1024w, https:\/\/campionesailing.it\/wp-content\/uploads\/2025\/08\/UNIVELA-1-Giugno-2025-19-768x512.jpeg 768w, https:\/\/campionesailing.it\/wp-content\/uploads\/2025\/08\/UNIVELA-1-Giugno-2025-19-1536x1024.jpeg 1536w\" sizes=\"auto, (max-width: 1800px) 100vw, 1800px\" \/><\/figure>\n<\/div>\n<\/div>\n<\/div>\n\n\n\n<div class=\"wp-block-group alignfull has-global-padding is-layout-constrained wp-block-group-is-layout-constrained\" style=\"margin-top:0;margin-bottom:0\">\n<div class=\"wp-block-columns alignfull is-layout-flex wp-container-core-columns-is-layout-9c22b1e3 wp-block-columns-is-layout-flex\">\n<div class=\"wp-block-column is-layout-flow wp-block-column-is-layout-flow\" style=\"flex-basis:55%\">\n<figure class=\"wp-block-image size-full\"><img loading=\"lazy\" decoding=\"async\" width=\"1800\" height=\"1800\" src=\"https:\/\/campionesailing.it\/wp-content\/uploads\/2025\/08\/UNIVELA-1-Giugno-2025-29-edited.jpeg\" alt=\"\" class=\"wp-image-3206\" style=\"aspect-ratio:1;object-fit:cover\" srcset=\"https:\/\/campionesailing.it\/wp-content\/uploads\/2025\/08\/UNIVELA-1-Giugno-2025-29-edited.jpeg 1800w, https:\/\/campionesailing.it\/wp-content\/uploads\/2025\/08\/UNIVELA-1-Giugno-2025-29-edited-300x300.jpeg 300w, https:\/\/campionesailing.it\/wp-content\/uploads\/2025\/08\/UNIVELA-1-Giugno-2025-29-edited-1024x1024.jpeg 1024w, https:\/\/campionesailing.it\/wp-content\/uploads\/2025\/08\/UNIVELA-1-Giugno-2025-29-edited-150x150.jpeg 150w, https:\/\/campionesailing.it\/wp-content\/uploads\/2025\/08\/UNIVELA-1-Giugno-2025-29-edited-768x768.jpeg 768w, https:\/\/campionesailing.it\/wp-content\/uploads\/2025\/08\/UNIVELA-1-Giugno-2025-29-edited-1536x1536.jpeg 1536w\" sizes=\"auto, (max-width: 1800px) 100vw, 1800px\" \/><\/figure>\n<\/div>\n\n\n\n<div class=\"wp-block-column is-vertically-aligned-center is-layout-flow wp-block-column-is-layout-flow\" style=\"padding-top:var(--wp--preset--spacing--60);padding-right:var(--wp--preset--spacing--60);padding-bottom:var(--wp--preset--spacing--60);padding-left:var(--wp--preset--spacing--60)\">\n<h2 class=\"wp-block-heading has-xx-large-font-size\"><br><strong>Cosa Imparerai con il Corso di Vela RS Quest<\/strong><\/h2>\n\n\n\n<p>Durante le lezioni potrai imparare a:<\/p>\n\n\n\n<p>Ormeggiare ad una boa<\/p>\n\n\n\n<p>Essere passeggero attivo e partecipare alle manovre<\/p>\n\n\n\n<p>Armare una barca a vela completa<\/p>\n\n\n\n<p>Usare il\u00a0<strong>fiocco<\/strong>, la\u00a0<strong>randa<\/strong>\u00a0e il\u00a0<strong>gennaker<\/strong><\/p>\n\n\n\n<p>Condurre al\u00a0<strong>timone<\/strong><\/p>\n\n\n\n<p>Navigare con il\u00a0<strong>trapezio<\/strong><\/p>\n\n\n\n<p><strong>Scuffiare<\/strong>\u00a0in sicurezza e raddrizzare la barca<\/p>\n\n\n\n<p>Eseguire il\u00a0<strong>recupero dell\u2019uomo a mare<\/strong><\/p>\n\n\n\n<p>Uscire e rientrare dal porto in autonomia<\/p>\n\n\n\n<p class=\"has-medium-font-size\">Prenota la tua lezione <\/p>\n<\/div>\n<\/div>\n<\/div>\n\n\n\n<div class=\"wp-block-group alignfull has-global-padding is-layout-constrained wp-block-group-is-layout-constrained\" style=\"margin-top:0;margin-bottom:0;padding-top:var(--wp--preset--spacing--50);padding-bottom:var(--wp--preset--spacing--50)\">\n<div class=\"wp-block-columns alignwide is-layout-flex wp-container-core-columns-is-layout-fa584acd wp-block-columns-is-layout-flex\">\n<div class=\"wp-block-column is-vertically-aligned-center is-layout-flow wp-block-column-is-layout-flow\">\n<h2 class=\"wp-block-heading has-xx-large-font-size\"><strong><br><strong>Struttura del Corso<\/strong><\/strong><\/h2>\n\n\n\n<p class=\"has-large-font-size\">Pensiamo che in 4 lezioni da 2 ore ciascuna si possano acquisire tutti i fondamentali per navigare in autonomia. Dopo queste lezioni, offriamo anche il noleggio dell\u2019RS Quest agli studenti, cos\u00ec da poter continuare a fare pratica. <\/p>\n\n\n\n<p class=\"has-large-font-size\">Le lezioni possono essere:<\/p>\n\n\n\n<ul class=\"wp-block-list\">\n<li>In italiano o in inglese<\/li>\n<\/ul>\n\n\n\n<ul class=\"wp-block-list\">\n<li>Con l\u2019istruttore a bordo per i principianti<\/li>\n<\/ul>\n\n\n\n<ul class=\"wp-block-list\">\n<li>Con istruttore su gommone di appoggio per chi \u00e8 gi\u00e0 pi\u00f9 esperto<\/li>\n<\/ul>\n<\/div>\n\n\n\n<div class=\"wp-block-column is-vertically-aligned-center is-layout-flow wp-block-column-is-layout-flow\">\n<figure class=\"wp-block-image size-full\"><img loading=\"lazy\" decoding=\"async\" width=\"2560\" height=\"1706\" src=\"https:\/\/campionesailing.it\/wp-content\/uploads\/2025\/08\/RS-Quest-2-scaled.jpeg\" alt=\"\" class=\"wp-image-3187\" style=\"aspect-ratio:1;object-fit:cover\" srcset=\"https:\/\/campionesailing.it\/wp-content\/uploads\/2025\/08\/RS-Quest-2-scaled.jpeg 2560w, https:\/\/campionesailing.it\/wp-content\/uploads\/2025\/08\/RS-Quest-2-300x200.jpeg 300w, https:\/\/campionesailing.it\/wp-content\/uploads\/2025\/08\/RS-Quest-2-1024x683.jpeg 1024w, https:\/\/campionesailing.it\/wp-content\/uploads\/2025\/08\/RS-Quest-2-768x512.jpeg 768w, https:\/\/campionesailing.it\/wp-content\/uploads\/2025\/08\/RS-Quest-2-1536x1024.jpeg 1536w, https:\/\/campionesailing.it\/wp-content\/uploads\/2025\/08\/RS-Quest-2-2048x1365.jpeg 2048w\" sizes=\"auto, (max-width: 2560px) 100vw, 2560px\" \/><\/figure>\n<\/div>\n<\/div>\n<\/div>\n\n\n\n<div class=\"wp-block-group alignfull has-global-padding is-layout-constrained wp-block-group-is-layout-constrained\" style=\"margin-top:0;margin-bottom:0\">\n<div class=\"wp-block-columns alignfull is-layout-flex wp-container-core-columns-is-layout-9c22b1e3 wp-block-columns-is-layout-flex\">\n<div class=\"wp-block-column is-layout-flow wp-block-column-is-layout-flow\" style=\"flex-basis:55%\">\n<figure class=\"wp-block-image size-full\"><img loading=\"lazy\" decoding=\"async\" width=\"2560\" height=\"2560\" src=\"https:\/\/campionesailing.it\/wp-content\/uploads\/2025\/08\/RS-Quest-10-edited-scaled.jpeg\" alt=\"\" class=\"wp-image-3208\" style=\"aspect-ratio:1;object-fit:cover\" srcset=\"https:\/\/campionesailing.it\/wp-content\/uploads\/2025\/08\/RS-Quest-10-edited-scaled.jpeg 2560w, https:\/\/campionesailing.it\/wp-content\/uploads\/2025\/08\/RS-Quest-10-edited-300x300.jpeg 300w, https:\/\/campionesailing.it\/wp-content\/uploads\/2025\/08\/RS-Quest-10-edited-1024x1024.jpeg 1024w, https:\/\/campionesailing.it\/wp-content\/uploads\/2025\/08\/RS-Quest-10-edited-150x150.jpeg 150w, https:\/\/campionesailing.it\/wp-content\/uploads\/2025\/08\/RS-Quest-10-edited-768x768.jpeg 768w, https:\/\/campionesailing.it\/wp-content\/uploads\/2025\/08\/RS-Quest-10-edited-1536x1536.jpeg 1536w, https:\/\/campionesailing.it\/wp-content\/uploads\/2025\/08\/RS-Quest-10-edited-2048x2048.jpeg 2048w\" sizes=\"auto, (max-width: 2560px) 100vw, 2560px\" \/><\/figure>\n<\/div>\n\n\n\n<div class=\"wp-block-column is-vertically-aligned-center is-layout-flow wp-block-column-is-layout-flow\" style=\"padding-top:var(--wp--preset--spacing--60);padding-right:var(--wp--preset--spacing--60);padding-bottom:var(--wp--preset--spacing--60);padding-left:var(--wp--preset--spacing--60)\">\n<h2 class=\"wp-block-heading has-xx-large-font-size\"><br><strong><strong>Attrezzatura Fornita<\/strong><\/strong><\/h2>\n\n\n\n<p>Incluso nella lezione:<\/p>\n\n\n\n<p>Possibilit\u00e0 di noleggio\u00a0<strong>muta in neoprene<\/strong>,\u00a0<strong>cerata<\/strong>\u00a0o\u00a0<strong>spray top<\/strong>\u00a0per le giornate fresche<\/p>\n\n\n\n<p><strong>Salvagente omologato<\/strong><\/p>\n\n\n\n<h2 class=\"wp-block-heading has-xx-large-font-size\"><strong><strong><br><strong>Orari Ideali per Navigare<\/strong><\/strong><\/strong><\/h2>\n\n\n\n<p>Sfruttiamo al meglio i venti tipici del Lago di Garda:<\/p>\n\n\n\n<ul class=\"wp-block-list\">\n<li><strong>Mattina:<\/strong>\u00a0dalle 9:00 alle 11:00 con il vento del\u00a0<strong>Peler<\/strong><\/li>\n\n\n\n<li><strong>Pomeriggio:<\/strong>\u00a0dalle 13:30\/14:00 alle 16:00 con il vento dell\u2019<strong>Ora<\/strong><\/li>\n<\/ul>\n<\/div>\n<\/div>\n<\/div>\n\n\n\n<div class=\"wp-block-group alignfull has-global-padding is-layout-constrained wp-block-group-is-layout-constrained\" style=\"margin-top:0;margin-bottom:0;padding-top:var(--wp--preset--spacing--50);padding-bottom:var(--wp--preset--spacing--50)\">\n<div class=\"wp-block-columns alignwide is-layout-flex wp-container-core-columns-is-layout-fa584acd wp-block-columns-is-layout-flex\">\n<div class=\"wp-block-column is-vertically-aligned-center is-layout-flow wp-block-column-is-layout-flow\">\n<h2 class=\"wp-block-heading has-xx-large-font-size\"><strong><br><strong><strong>Prezzi Lezioni Private RS Quest<\/strong><\/strong><\/strong><\/h2>\n\n\n\n<p class=\"has-large-font-size\"><strong>1 persona<\/strong>\u00a0\u2013 da\u00a0<strong>110 \u20ac<\/strong>\u00a0per una lezione di 2 ore<\/p>\n\n\n\n<p><strong>2 persone<\/strong>\u00a0\u2013 fino a\u00a0<strong>160 \u20ac<\/strong>\u00a0per una lezione di 3 ore<\/p>\n\n\n\n<p>Sconti speciali per:<\/p>\n\n\n\n<ul class=\"wp-block-list\">\n<li><strong>Soci Univela<\/strong><\/li>\n\n\n\n<li>Chi soggiorna nelle&nbsp;<strong>camere o appartamenti Univela<\/strong><\/li>\n<\/ul>\n<\/div>\n\n\n\n<div class=\"wp-block-column is-vertically-aligned-center is-layout-flow wp-block-column-is-layout-flow\">\n<figure class=\"wp-block-image size-full\"><img loading=\"lazy\" decoding=\"async\" width=\"2560\" height=\"1707\" src=\"https:\/\/campionesailing.it\/wp-content\/uploads\/2025\/08\/RS-Quest-19-scaled.jpeg\" alt=\"\" class=\"wp-image-3191\" style=\"aspect-ratio:1;object-fit:cover\" srcset=\"https:\/\/campionesailing.it\/wp-content\/uploads\/2025\/08\/RS-Quest-19-scaled.jpeg 2560w, https:\/\/campionesailing.it\/wp-content\/uploads\/2025\/08\/RS-Quest-19-300x200.jpeg 300w, https:\/\/campionesailing.it\/wp-content\/uploads\/2025\/08\/RS-Quest-19-1024x683.jpeg 1024w, https:\/\/campionesailing.it\/wp-content\/uploads\/2025\/08\/RS-Quest-19-768x512.jpeg 768w, https:\/\/campionesailing.it\/wp-content\/uploads\/2025\/08\/RS-Quest-19-1536x1024.jpeg 1536w, https:\/\/campionesailing.it\/wp-content\/uploads\/2025\/08\/RS-Quest-19-2048x1365.jpeg 2048w\" sizes=\"auto, (max-width: 2560px) 100vw, 2560px\" \/><\/figure>\n<\/div>\n<\/div>\n<\/div>\n\n\n\n<aside class=\"wp-block-group alignfull is-style-section-3 has-base-color has-text-color has-background has-link-color wp-elements-c2d1f015d6759b638d74fcc0ac9b261e has-global-padding is-layout-constrained wp-container-core-group-is-layout-f0f2a97b wp-block-group-is-layout-constrained is-style-section-3--1\" style=\"background-color:#2d83aa;margin-top:0;margin-bottom:0;padding-top:var(--wp--preset--spacing--50);padding-right:var(--wp--preset--spacing--50);padding-bottom:var(--wp--preset--spacing--50);padding-left:var(--wp--preset--spacing--50)\">\n<div class=\"wp-block-group is-vertical is-content-justification-center is-layout-flex wp-container-core-group-is-layout-8778ca4a wp-block-group-is-layout-flex\" style=\"min-height:360px;margin-top:0;margin-bottom:0\">\n<h2 class=\"wp-block-heading has-text-align-center has-xx-large-font-size\" id=\"prenota\"><strong>Prenota ora il tuo corso di vela sul Lago di Garda<\/strong>\u00a0e scopri la libert\u00e0 di navigare con l\u2019RS Quest!<\/h2>\n\n\n\n<figure class=\"wp-block-table\"><table class=\"has-contrast-color has-base-background-color has-text-color has-background has-link-color has-fixed-layout\"><tbody><tr><td><script type=\"text\/javascript\" src=\"https:\/\/bookeo.com\/widget.js?a=425536WLCH91906ACCDAFA&type=42553UA4JP61933186CD68\"><\/script><\/td><\/tr><\/tbody><\/table><\/figure>\n\n\n\n<p class=\"has-text-align-center is-style-text-subtitle is-style-text-subtitle--2\"><\/p>\n\n\n\n<div style=\"height:0px\" aria-hidden=\"true\" class=\"wp-block-spacer wp-container-content-62aae154\"><\/div>\n<\/div>\n<\/aside>","protected":false},"excerpt":{"rendered":"<p>Corso di Vela sul Lago di Garda con RS Quest Per imparare a navigare da zero Se stai cercando un\u00a0corso di vela sul Lago di Garda\u00a0che ti permetta di imparare in modo semplice, sicuro e divertente, il nostro programma su\u00a0RS Quest\u00a0\u00e8 la scelta ideale. L\u2019RS Quest \u00e8 la barca perfetta per chi vuole partire da [&hellip;]<\/p>\n","protected":false},"author":1,"featured_media":3184,"parent":2834,"menu_order":0,"comment_status":"closed","ping_status":"closed","template":"","meta":{"cybocfi_hide_featured_image":"","footnotes":""},"class_list":["post-3183","page","type-page","status-publish","has-post-thumbnail","hentry"],"aioseo_notices":[],"jetpack_sharing_enabled":true,"_links":{"self":[{"href":"https:\/\/campionesailing.it\/en\/wp-json\/wp\/v2\/pages\/3183","targetHints":{"allow":["GET"]}}],"collection":[{"href":"https:\/\/campionesailing.it\/en\/wp-json\/wp\/v2\/pages"}],"about":[{"href":"https:\/\/campionesailing.it\/en\/wp-json\/wp\/v2\/types\/page"}],"author":[{"embeddable":true,"href":"https:\/\/campionesailing.it\/en\/wp-json\/wp\/v2\/users\/1"}],"replies":[{"embeddable":true,"href":"https:\/\/campionesailing.it\/en\/wp-json\/wp\/v2\/comments?post=3183"}],"version-history":[{"count":16,"href":"https:\/\/campionesailing.it\/en\/wp-json\/wp\/v2\/pages\/3183\/revisions"}],"predecessor-version":[{"id":3219,"href":"https:\/\/campionesailing.it\/en\/wp-json\/wp\/v2\/pages\/3183\/revisions\/3219"}],"up":[{"embeddable":true,"href":"https:\/\/campionesailing.it\/en\/wp-json\/wp\/v2\/pages\/2834"}],"wp:featuredmedia":[{"embeddable":true,"href":"https:\/\/campionesailing.it\/en\/wp-json\/wp\/v2\/media\/3184"}],"wp:attachment":[{"href":"https:\/\/campionesailing.it\/en\/wp-json\/wp\/v2\/media?parent=3183"}],"curies":[{"name":"wp","href":"https:\/\/api.w.org\/{rel}","templated":true}]}}