{"id":3328,"date":"2025-07-31T15:39:56","date_gmt":"2025-07-31T15:39:56","guid":{"rendered":"https:\/\/campionesailing.it\/?page_id=3328"},"modified":"2025-08-10T15:42:52","modified_gmt":"2025-08-10T15:42:52","slug":"soggiorno-ragazze-svolto-globalmente-molto-bene","status":"publish","type":"page","link":"https:\/\/campionesailing.it\/en\/recensioni\/soggiorno-ragazze-svolto-globalmente-molto-bene\/","title":{"rendered":"Soggiorno ragazze svolto globalmente molto bene"},"content":{"rendered":"<p>\u2605\u2605\u2605\u2605<\/p>\n\n\n\n<p>Soggiorno ragazze svolto globalmente molto bene. Animazione buona. Ritmo sportivo potrebbe essere pi\u00f9 sostenuto. Cibo potrebbe essere pi\u00f9 variato. Supervisione sella situazione nelle stanze potrebbe essere pi\u00f9 efficace per assicurare che la dinamica in stanza permetta un vero riposo dei ragazzi durante la notte. Differenza di et\u00e0 fra alcuni partecipanti e\u2019 stata sorprendente visto che al l\u2019iscrizione sembrava che il gruppo sarebbe stato di un et\u00e0 omogenea. Staff in generale molto cordiale &#8211; all\u2019eccezione di una persona particolarmente spiacevole durante tutta la settimana. Fotografie attivit\u00e0 dei ragazzi dovrebbe essere organizzata meglio: 1. Pi\u00f9 regolare, 2. Pi\u00f9 variata, 3. Condivise con i genitori con un corto testo \/ descrizione delle attivit\u00e0 del giorno. Cordiali saluti.<\/p>\n\n\n\n<p class=\"has-text-align-right\">Lina M<\/p>\n\n\n\n<p><\/p>","protected":false},"excerpt":{"rendered":"<p>\u2605\u2605\u2605\u2605 Soggiorno ragazze svolto globalmente molto bene. Animazione buona. Ritmo sportivo potrebbe essere pi\u00f9 sostenuto. Cibo potrebbe essere pi\u00f9 variato. Supervisione sella situazione nelle stanze potrebbe essere pi\u00f9 efficace per assicurare che la dinamica in stanza permetta un vero riposo dei ragazzi durante la notte. Differenza di et\u00e0 fra alcuni partecipanti e\u2019 stata sorprendente visto [&hellip;]<\/p>\n","protected":false},"author":47,"featured_media":0,"parent":3230,"menu_order":0,"comment_status":"closed","ping_status":"closed","template":"","meta":{"cybocfi_hide_featured_image":"","footnotes":""},"class_list":["post-3328","page","type-page","status-publish","hentry"],"aioseo_notices":[],"jetpack_sharing_enabled":true,"_links":{"self":[{"href":"https:\/\/campionesailing.it\/en\/wp-json\/wp\/v2\/pages\/3328","targetHints":{"allow":["GET"]}}],"collection":[{"href":"https:\/\/campionesailing.it\/en\/wp-json\/wp\/v2\/pages"}],"about":[{"href":"https:\/\/campionesailing.it\/en\/wp-json\/wp\/v2\/types\/page"}],"author":[{"embeddable":true,"href":"https:\/\/campionesailing.it\/en\/wp-json\/wp\/v2\/users\/47"}],"replies":[{"embeddable":true,"href":"https:\/\/campionesailing.it\/en\/wp-json\/wp\/v2\/comments?post=3328"}],"version-history":[{"count":2,"href":"https:\/\/campionesailing.it\/en\/wp-json\/wp\/v2\/pages\/3328\/revisions"}],"predecessor-version":[{"id":3330,"href":"https:\/\/campionesailing.it\/en\/wp-json\/wp\/v2\/pages\/3328\/revisions\/3330"}],"up":[{"embeddable":true,"href":"https:\/\/campionesailing.it\/en\/wp-json\/wp\/v2\/pages\/3230"}],"wp:attachment":[{"href":"https:\/\/campionesailing.it\/en\/wp-json\/wp\/v2\/media?parent=3328"}],"curies":[{"name":"wp","href":"https:\/\/api.w.org\/{rel}","templated":true}]}}