{"id":3352,"date":"2025-08-12T06:49:31","date_gmt":"2025-08-12T06:49:31","guid":{"rendered":"https:\/\/campionesailing.it\/?page_id=3352"},"modified":"2025-08-12T06:49:34","modified_gmt":"2025-08-12T06:49:34","slug":"mia-figlia-si-e-trovata-molto-bene","status":"publish","type":"page","link":"https:\/\/campionesailing.it\/en\/recensioni\/mia-figlia-si-e-trovata-molto-bene\/","title":{"rendered":"Mia figlia si \u00e8 trovata molto bene"},"content":{"rendered":"<p>\u2605\u2605\u2605\u2605\u2605<\/p>\n\n\n\n<p>Mia figlia \u00e8 il secondo anno che partecipa quindi l&#8217;esperienza \u00e8 piaciuta. Si \u00e8 trovata molto bene con tutti.<\/p>\n\n\n\n<p class=\"has-text-align-right\">Alessandro A<\/p>\n\n\n\n<p><\/p>","protected":false},"excerpt":{"rendered":"<p>\u2605\u2605\u2605\u2605\u2605 Mia figlia \u00e8 il secondo anno che partecipa quindi l&#8217;esperienza \u00e8 piaciuta. Si \u00e8 trovata molto bene con tutti. Alessandro A<\/p>","protected":false},"author":47,"featured_media":0,"parent":3230,"menu_order":0,"comment_status":"closed","ping_status":"closed","template":"","meta":{"cybocfi_hide_featured_image":"","footnotes":""},"class_list":["post-3352","page","type-page","status-publish","hentry"],"aioseo_notices":[],"jetpack_sharing_enabled":true,"_links":{"self":[{"href":"https:\/\/campionesailing.it\/en\/wp-json\/wp\/v2\/pages\/3352","targetHints":{"allow":["GET"]}}],"collection":[{"href":"https:\/\/campionesailing.it\/en\/wp-json\/wp\/v2\/pages"}],"about":[{"href":"https:\/\/campionesailing.it\/en\/wp-json\/wp\/v2\/types\/page"}],"author":[{"embeddable":true,"href":"https:\/\/campionesailing.it\/en\/wp-json\/wp\/v2\/users\/47"}],"replies":[{"embeddable":true,"href":"https:\/\/campionesailing.it\/en\/wp-json\/wp\/v2\/comments?post=3352"}],"version-history":[{"count":2,"href":"https:\/\/campionesailing.it\/en\/wp-json\/wp\/v2\/pages\/3352\/revisions"}],"predecessor-version":[{"id":3354,"href":"https:\/\/campionesailing.it\/en\/wp-json\/wp\/v2\/pages\/3352\/revisions\/3354"}],"up":[{"embeddable":true,"href":"https:\/\/campionesailing.it\/en\/wp-json\/wp\/v2\/pages\/3230"}],"wp:attachment":[{"href":"https:\/\/campionesailing.it\/en\/wp-json\/wp\/v2\/media?parent=3352"}],"curies":[{"name":"wp","href":"https:\/\/api.w.org\/{rel}","templated":true}]}}