{"id":1544,"date":"2023-08-07T10:37:12","date_gmt":"2023-08-07T10:37:12","guid":{"rendered":"https:\/\/campionesailing.it\/?page_id=1544"},"modified":"2025-02-21T11:37:12","modified_gmt":"2025-02-21T11:37:12","slug":"termini-e-condizioni","status":"publish","type":"page","link":"https:\/\/campionesailing.it\/it\/info\/termini-e-condizioni\/","title":{"rendered":"Termini e Condizioni"},"content":{"rendered":"\n<h2 class=\"wp-block-heading\">Termini e Condizioni<\/h2>\n\n\n\n<p><strong>1) IL VOSTRO CONTRATTO<\/strong><\/p>\n\n\n\n<p>Si prega di leggere attentamente le Condizioni di Prenotazione e le informazioni contenute nella nostra brochure e nel nostro sito web, in quanto costituiscono la base del contratto con la Scuola di Vela Campione (CSS) di Univela Sailing ssdarl e definiscono i rispettivi diritti e obblighi di entrambe le parti. Nelle seguenti condizioni di prenotazione per &#8220;voi&#8221; si intende il responsabile del gruppo e per &#8220;noi&#8221; o &#8220;la Societ\u00e0&#8221; si intendono la Scuola di Vela Campione (CSS) di Univela Sailing ssdarl.<\/p>\n\n\n\n<p><strong>2) CONFERMARE LA PRENOTAZIONE<\/strong><\/p>\n\n\n\n<p>Una volta effettuata la prenotazione e versato l&#8217;acconto, entro 7 giorni verr\u00e0 inviata una conferma della prenotazione via e-mail. A questo punto si instaurer\u00e0 un contratto tra di noi.<\/p>\n\n\n\n<p><strong>3) PREZZO<\/strong><\/p>\n\n\n\n<p>Una volta prenotata, il prezzo concordato della prenotazione \u00e8 completamente garantito dalla Scuola di Vela Campione (CSS) di Univela Sailing ssdarl e non sar\u00e0 soggetto ad alcun supplemento a condizione che si rispetti il piano di pagamento. Questo non si applica in caso di errori di fatturazione o di azioni governative.<\/p>\n\n\n\n<p><strong>4) CALENDARIO DEI PAGAMENTI<\/strong><\/p>\n\n\n\n<p>Richiediamo un deposito per persona come indicato nei nostri listini prezzi. Il saldo finale \u00e8 dovuto 56 giorni prima della data di partenza (o al momento della prenotazione, se questa \u00e8 inferiore a 56 giorni prima della data di inizio del corso\/vacanza).<\/p>\n\n\n\n<p>NOTA: la data di scadenza del saldo finale \u00e8 riportata sulla nostra conferma di prenotazione; non verr\u00e0 inviato alcun sollecito. Se il pagamento non viene ricevuto interamente e puntualmente, ci riserviamo il diritto di considerare la prenotazione come annullata dal cliente.<\/p>\n\n\n\n<p><strong>5) ASSICURAZIONE<\/strong><\/p>\n\n\n\n<p>Si consiglia vivamente di stipulare un&#8217;assicurazione per la vacanza\/il corso. \u00c8 vostra responsabilit\u00e0 assicurarvi che la polizza includa la copertura per l&#8217;annullamento, le emergenze e le attivit\u00e0 acquatiche a cui parteciperete.<\/p>\n\n\n\n<p>La Scuola di Vela Campione (CSS) e la Univela Sailing ssdarl sono coperte da un&#8217;assicurazione di responsabilit\u00e0 civile.<\/p>\n\n\n\n<p><strong>6) CANCELLAZIONI<\/strong><\/p>\n\n\n\n<p>Voi o qualsiasi membro del vostro gruppo potete cancellare la vostra prenotazione in qualsiasi momento. Una notifica scritta o un&#8217;e-mail da parte vostra (il responsabile del gruppo) deve pervenire al nostro ufficio. Per coprire le perdite previste, si applica una serie di spese.<\/p>\n\n\n\n<p>La data di cancellazione \u00e8 la data di ricezione della comunicazione scritta o dell&#8217;e-mail all&#8217;ufficio della Societ\u00e0 a Poole. NOTA: se le ragioni della cancellazione sono coperte dai termini della vostra polizza assicurativa, potreste essere in grado di reclamare queste spese, ad esempio in caso di cancellazione necessaria a causa di infortunio o malattia, ecc.<\/p>\n\n\n\n<p><strong>LE SPESE DI CANCELLAZIONE SONO PAGABILI COME SEGUE:<\/strong><\/p>\n\n\n\n<p>Tempo prima della data di inizio &#8211; Spese di cancellazione<\/p>\n\n\n\n<p>pi\u00f9 di 56 giorni &#8211; solo caparra<\/p>\n\n\n\n<p>56 &#8211; 29 giorni &#8211; 50% del costo totale della prenotazione<\/p>\n\n\n\n<p>28 &#8211; 22 giorni &#8211; 70% del costo della prenotazione<\/p>\n\n\n\n<p>21 &#8211; 8 giorni &#8211; 90% del costo della prenotazione<\/p>\n\n\n\n<p>7 giorni o meno &#8211; 100% del costo della prenotazione<\/p>\n\n\n\n<p><strong>7) ALTERAZIONI<\/strong><\/p>\n\n\n\n<p>La Societ\u00e0 cercher\u00e0, per quanto possibile, di organizzare eventuali modifiche richieste dal cliente dopo la stipula del contratto. Le richieste di modifica devono essere inoltrate per iscritto o per e-mail alla Societ\u00e0 dal responsabile della festa. Le modifiche richieste con pi\u00f9 di 56 giorni di anticipo rispetto alla data di partenza, come il cambio della data del corso, dell&#8217;alloggio o del corso, se accettabili, sono soggette a un costo amministrativo di 50 euro a persona per modifica. Modifiche importanti entro 56 giorni dalla data del corso (come il cambio di data del corso) saranno trattate come una cancellazione e una nuova prenotazione.<\/p>\n\n\n\n<p>Qualsiasi nuova persona aggiunta alla prenotazione sar\u00e0 trattata, ai fini di questi termini e condizioni, come se fosse stata nominata nel modulo di prenotazione al momento della conferma iniziale. Eventuali persone rimosse dal modulo di prenotazione saranno trattate come cancellazioni e si applicher\u00e0 la sezione 5 di cui sopra. I corsi di 3 giorni possono essere estesi a 5 giorni, a seconda della disponibilit\u00e0, con un supplemento di 100 euro.<br>Tradotto con www.DeepL.com\/translator (versione gratuita)<\/p>\n\n\n\n<p><strong>8) MODIFICHE ALLA COMPAGNIA<\/strong><\/p>\n\n\n\n<p>Gli accordi descritti nella presente prenotazione e nel nostro opuscolo sono forniti in buona fede al momento della stampa, ma ci riserviamo il diritto di fornire accordi alternativi comparabili qualora lo richiedano considerazioni operative o di altro tipo. Nessun dipendente o rappresentante della Societ\u00e0 ha l&#8217;autorit\u00e0 di modificare verbalmente i presenti termini e condizioni o le informazioni contenute nella nostra brochure o in altri documenti della Societ\u00e0 o di stipulare accordi verbali con i clienti della Societ\u00e0. Nessuna variazione delle presenti condizioni o di altri termini in base ai quali viene effettuata una prenotazione e nessuna promessa di rimborso di denaro versato alla Societ\u00e0 sar\u00e0 valida se non in forma scritta e firmata da un Direttore della Societ\u00e0.<\/p>\n\n\n\n<p>In caso di modifiche sostanziali alla vostra prenotazione, vi informeremo non appena ragionevolmente possibile. Il cliente potr\u00e0 scegliere se accettare la modifica degli accordi o cancellare la prenotazione e ricevere il rimborso completo di tutte le somme versate. (Solo per i viaggi all&#8217;estero e limitatamente ai casi in cui i pagamenti NON siano stati ricevuti entro le date previste, il prezzo della vacanza potrebbe essere soggetto a un supplemento a causa delle fluttuazioni valutarie. Nel caso in cui si renda necessario un supplemento, ci impegniamo a sostenere il primo 10% dell&#8217;aumento). Ci riserviamo il diritto di imporre supplementi dovuti a provvedimenti governativi.<\/p>\n\n\n\n<p><strong>9) IMMAGINI<\/strong><\/p>\n\n\n\n<p>Di tanto in tanto, soggetti autorizzati potranno effettuare riprese fotografiche e\/o video. L&#8217;utente accetta di utilizzare tali immagini in materiale promozionale, pubblicitario o pubblicitario in qualsiasi formato. L&#8217;utente accetta inoltre che i diritti d&#8217;autore spettino a tali soggetti autorizzati.<\/p>\n\n\n\n<p><strong>10) ASSICURAZIONE<\/strong><\/p>\n\n\n\n<p>Vi consigliamo vivamente di stipulare un&#8217;assicurazione per la vostra vacanza\/il vostro corso. \u00c8 vostra responsabilit\u00e0 assicurarvi che la polizza includa la copertura per l&#8217;annullamento, le emergenze e le attivit\u00e0 di sport acquatici a cui parteciperete.<\/p>\n\n\n\n<p>La Scuola di Vela Campione (CSS) e la Univela Sailing ssdarl sono coperte da un&#8217;assicurazione di responsabilit\u00e0 civile.<\/p>\n\n\n\n<p><strong>11) FORZA MAGGIORE<\/strong><\/p>\n\n\n\n<p>La Societ\u00e0 si riserva il diritto di cancellare\/correggere la vostra vacanza a causa di circostanze di forza maggiore, tra cui, a titolo esemplificativo e non esaustivo, guerra, sommosse, azioni governative, terrorismo, incendi, condizioni meteorologiche, scioperi e tutti gli eventi simili al di fuori del controllo della Societ\u00e0 che impediscono o influenzano gli obblighi contrattuali della Societ\u00e0. Qualora si verifichino tali circostanze, la Societ\u00e0 non sar\u00e0 tenuta a corrispondere all&#8217;utente rimborsi o risarcimenti.<\/p>\n\n\n\n<p><strong>12) RISERVE<\/strong><\/p>\n\n\n\n<p>La Scuola Vela Campione (CSS) e Univela Sailing ssdarl e il suo personale sono responsabili dello svolgimento in sicurezza della vacanza\/corso e possono variare l&#8217;itinerario a tal fine. Solo loro decideranno se le attivit\u00e0 di sport acquatici sono disponibili o meno o se le condizioni sono sicure per l&#8217;utilizzo di una particolare imbarcazione. Non \u00e8 consentito a nessuna imbarcazione della Scuola di Vela di Campione (CSS) e della Univela Sailing ssdarl effettuare navigazioni notturne o partecipare a regate di terzi senza la preventiva approvazione scritta della Societ\u00e0. Tutte le attivit\u00e0 acquatiche sono offerte in base alla disponibilit\u00e0. La Societ\u00e0 non pu\u00f2 essere ritenuta responsabile per la perdita dell&#8217;uso delle attrezzature per gli sport acquatici a causa di condizioni meteorologiche avverse.<\/p>\n\n\n\n<p><strong>13) RESPONSABILIT\u00c0 DELLA SOCIET\u00c0<\/strong><\/p>\n\n\n\n<p>La Societ\u00e0 si assume la responsabilit\u00e0 nel caso in cui uno qualsiasi dei servizi che siamo contrattualmente obbligati a fornire si riveli carente o non di livello ragionevole. Ci\u00f2 include la responsabilit\u00e0 per gli atti o le omissioni dei nostri dipendenti, subappaltatori e fornitori. Salvo quanto specificato di seguito, non si accetta alcuna responsabilit\u00e0 per morte, lesioni o malattie.<\/p>\n\n\n\n<p>La Societ\u00e0 non si assume alcuna responsabilit\u00e0 per lesioni personali o per la morte di qualsiasi partecipante, a meno che non si tratti di negligenza comprovata della Societ\u00e0, dei suoi dipendenti, fornitori o subappaltatori. Inoltre, la Societ\u00e0 NON \u00e8 responsabile per la morte, le lesioni o le malattie causate da un&#8217;attivit\u00e0 al di fuori delle attivit\u00e0 della Societ\u00e0.<\/p>\n\n\n\n<p>La Societ\u00e0 non si assume alcuna responsabilit\u00e0 per cause di insoddisfazione non comunicate per iscritto entro 28 giorni dalla conclusione del corso\/vacanza.<br>Tradotto con www.DeepL.com\/translator (versione gratuita)<\/p>\n\n\n\n<p><strong>14) PERSONA AUTORIZZATA A EFFETTUARE LA PRENOTAZIONE<\/strong><\/p>\n\n\n\n<p>Il responsabile del gruppo \u00e8 tenuto a verificare che tutti i membri del gruppo siano fisicamente idonei a partecipare al corso o alle attivit\u00e0 acquatiche e che siano in grado di nuotare per 50 metri in abiti leggeri. Tutti gli adulti che accompagnano un gruppo si impegnano a essere responsabili del buon comportamento dei partecipanti e a sorvegliare adeguatamente il proprio gruppo. In caso di danni alle attrezzature della Compagnia, come barche, alloggi, ecc., causati intenzionalmente da un membro del gruppo sotto l&#8217;effetto di alcol o droghe, o da un membro del gruppo che non obbedisce alle istruzioni del personale della Compagnia, la persona in questione sar\u00e0 responsabile dell&#8217;intero importo della riparazione o della sostituzione. Il responsabile della festa \u00e8 tenuto a fornire alla Compagnia, al momento della prenotazione, qualsiasi condizione medica potenziale nota che possa influire sulla sicurezza personale dei membri della festa e a notificare per iscritto alla Compagnia qualsiasi esigenza speciale dei membri della festa.<\/p>\n\n\n\n<p><strong>15) CESSAZIONE DELLA PRENOTAZIONE<\/strong><\/p>\n\n\n\n<p>Ci riserviamo il diritto, a nostra assoluta discrezione, di interrompere senza ulteriori avvisi la prenotazione di qualsiasi cliente che si rifiuti di rispettare le istruzioni o gli ordini del personale della Societ\u00e0 o di altre persone responsabili il cui comportamento, a loro giudizio, possa causare disagio, danno, pericolo o fastidio ad altri clienti, al personale, a terzi o alla propriet\u00e0. In tal caso, la nostra responsabilit\u00e0 per la prenotazione cessa e non saremo responsabili per eventuali costi aggiuntivi sostenuti dal cliente.<\/p>\n\n\n\n<p><strong>16) RECLAMI<\/strong><\/p>\n\n\n\n<p>Il nostro obiettivo \u00e8 quello di farvi trascorrere un corso o una vacanza piacevole e senza problemi. Se avete un problema o un reclamo, \u00e8 importante e nel vostro interesse informare immediatamente un membro dello staff della Scuola di Vela Campione (CSS) e della Univela Sailing ssdarl, in modo da poter prendere provvedimenti per risolvere la questione sul posto. Se il vostro reclamo non pu\u00f2 essere risolto in quel momento, vi preghiamo di compilare uno dei nostri moduli di collegamento con i clienti presso il centro e di informarci, per iscritto o via e-mail, immediatamente al vostro ritorno. Raccomandiamo vivamente di comunicare senza indugio qualsiasi problema al personale del centro e di compilare un rapporto mentre si trova nel nostro centro; in caso contrario, saremo stati privati dell&#8217;opportunit\u00e0 di indagare e correggere il vostro reclamo mentre eravate al corso\/vacanza e ci\u00f2 potrebbe influire sui vostri diritti ai sensi del presente contratto. La Societ\u00e0 far\u00e0 il possibile per fornire alternative adeguate, ma non sar\u00e0 ritenuta responsabile per i cambiamenti apportati da influenze esterne. Le controversie derivanti o collegate al presente contratto che non possono essere risolte in via amichevole possono essere sottoposte ad arbitrato, se lo si desidera, in base a un programma speciale gestito in modo indipendente dall&#8217;Istituto degli Arbitri Chartered.<\/p>\n\n\n\n<p>Al nostro personale vengono spesso richieste informazioni non contenute nell&#8217;opuscolo. Sebbene si faccia il possibile per garantire che tutte le informazioni fornite siano corrette, la Compagnia non pu\u00f2 essere ritenuta responsabile se queste dovessero risultare inesatte.<\/p>\n\n\n\n<p><strong>17) ATTREZZATURE<\/strong><\/p>\n\n\n\n<p>Tutte le derive, i windsurf e le barche a motore utilizzate dal nostro centro sono di concezione approvata e adatta all&#8217;insegnamento. Tutti gli aiuti al galleggiamento sono di tipo approvato.<\/p>\n\n\n\n<p><strong>18) BUONI<\/strong><\/p>\n\n\n\n<p>Tutti i voucher forniti prima della gita sono validi per quella determinata gita e non possono essere rimborsati in caso di perdita, smarrimento o inutilizzo.<\/p>\n\n\n\n<p><strong>19) RISTORANTI E STRUTTURE LOCALI<\/strong><\/p>\n\n\n\n<p>All&#8217;inizio e alla fine della stagione, alcuni ristoranti e strutture locali possono essere chiusi e, anche se menzionati nella brochure, non possono essere garantiti.<\/p>\n\n\n\n<p><strong>20) Politica di protezione dei bambini<\/strong><\/p>\n\n\n\n<p>Abbiamo una politica di protezione dei bambini completa. \u00c8 possibile consultarla cliccando qui.<\/p>\n\n\n\n<p><strong>21) CAPACIT\u00c0 NATATORIE<\/strong><\/p>\n\n\n\n<p>Partiamo dal presupposto che tutti gli alunni siano in possesso del brevetto di nuoto da 50 metri ASA o equivalente. In caso contrario, vi preghiamo di comunicarcelo, in modo da poter garantire misure di sicurezza adeguate per il vostro gruppo.<\/p>\n\n\n\n<p><strong>22) I VOSTRI DATI<\/strong><\/p>\n\n\n\n<p>Quando inviate un modulo di contatto sul nostro sito web, acconsentite a ricevere informazioni di marketing ed e-mail relative a offerte e brochure. \u00c8 possibile revocare il consenso in qualsiasi momento contattando la Scuola Vela Campione (CSS) e Univela Sailing ssdarl all&#8217;indirizzo info@campionesailing.it. Oltre ai diritti previsti dal GDPR, l&#8217;utente pu\u00f2 avere la possibilit\u00e0 di limitare l&#8217;uso dei suoi dati da parte nostra. In particolare, ci proponiamo di offrire all&#8217;utente un forte controllo sul nostro utilizzo dei suoi dati per scopi di marketing diretto (compresa la possibilit\u00e0 di rinunciare a ricevere e-mail da parte nostra, cosa che l&#8217;utente pu\u00f2 fare cancellando l&#8217;iscrizione tramite i link forniti nelle nostre e-mail e al momento di fornire i propri dati e gestendo il proprio account). Tradotto con www.DeepL.com\/translator (versione gratuita)<\/p>\n","protected":false},"excerpt":{"rendered":"<p>Termini e Condizioni 1) IL VOSTRO CONTRATTO Si prega di leggere attentamente le Condizioni di Prenotazione e le informazioni contenute nella nostra brochure e nel nostro sito web, in quanto costituiscono la base del contratto con la Scuola di Vela Campione (CSS) di Univela Sailing ssdarl e definiscono i rispettivi diritti e obblighi di entrambe [&hellip;]<\/p>\n","protected":false},"author":1,"featured_media":0,"parent":6,"menu_order":0,"comment_status":"closed","ping_status":"closed","template":"","meta":{"cybocfi_hide_featured_image":"","footnotes":""},"class_list":["post-1544","page","type-page","status-publish","hentry"],"aioseo_notices":[],"jetpack_sharing_enabled":true,"_links":{"self":[{"href":"https:\/\/campionesailing.it\/it\/wp-json\/wp\/v2\/pages\/1544","targetHints":{"allow":["GET"]}}],"collection":[{"href":"https:\/\/campionesailing.it\/it\/wp-json\/wp\/v2\/pages"}],"about":[{"href":"https:\/\/campionesailing.it\/it\/wp-json\/wp\/v2\/types\/page"}],"author":[{"embeddable":true,"href":"https:\/\/campionesailing.it\/it\/wp-json\/wp\/v2\/users\/1"}],"replies":[{"embeddable":true,"href":"https:\/\/campionesailing.it\/it\/wp-json\/wp\/v2\/comments?post=1544"}],"version-history":[{"count":4,"href":"https:\/\/campionesailing.it\/it\/wp-json\/wp\/v2\/pages\/1544\/revisions"}],"predecessor-version":[{"id":1551,"href":"https:\/\/campionesailing.it\/it\/wp-json\/wp\/v2\/pages\/1544\/revisions\/1551"}],"up":[{"embeddable":true,"href":"https:\/\/campionesailing.it\/it\/wp-json\/wp\/v2\/pages\/6"}],"wp:attachment":[{"href":"https:\/\/campionesailing.it\/it\/wp-json\/wp\/v2\/media?parent=1544"}],"curies":[{"name":"wp","href":"https:\/\/api.w.org\/{rel}","templated":true}]}}