{"id":1803,"date":"2023-08-24T17:12:28","date_gmt":"2023-08-24T17:12:28","guid":{"rendered":"https:\/\/campionesailing.it\/?page_id=1803"},"modified":"2025-02-21T11:34:15","modified_gmt":"2025-02-21T11:34:15","slug":"offerte-e-sconti","status":"publish","type":"page","link":"https:\/\/campionesailing.it\/it\/prenota\/offerte-e-sconti\/","title":{"rendered":"Offerte e sconti"},"content":{"rendered":"\n<p>Il\u00a0<strong>CSS<\/strong>, allo scopo di incentivare la partecipazione ai corsi da parte dei residenti in Lombardia, offre uno sconto del 10% a tutti coloro che vivono nella nostra amata regione.<\/p>\n\n\n\n<p>Codice promozionale da inserire: <strong>lombardia<\/strong><\/p>\n\n\n\n<p>Prima dell\u2019iscrizione inviare una mail a&nbsp;info@campionesailing.it comunicando l\u2019arrivo della prenotazione con codice promozionale ed allegando documento attestante la residenza.<\/p>\n\n\n\n<h2 class=\"wp-block-heading\">Condizioni<\/h2>\n\n\n\n<p>In generale, tutti i nostri sconti non sono cumulabili.<br>Se hai diritto a pi\u00f9 tipi di sconto, verr\u00e0 applicato quello per te pi\u00f9 conveniente.<\/p>\n\n\n\n<p>Ti ricordiamo che, se hai diritto ad uno sconto, devi fare richiesta in Segreteria del tuo Codice Sconto (se non ne sei gi\u00e0 in possesso) \u201cprima\u201d di iscriverti.<\/p>\n\n\n\n<p><br><strong>ATTENZIONE: Tutti gli sconti possono essere applicati esclusivamente \u201cal momento della prenotazione\u201d e non possono essere riconosciuti in forma retroattiva<\/strong><\/p>\n","protected":false},"excerpt":{"rendered":"<p>Il\u00a0CSS, allo scopo di incentivare la partecipazione ai corsi da parte dei residenti in Lombardia, offre uno sconto del 10% a tutti coloro che vivono nella nostra amata regione. Codice promozionale da inserire: lombardia Prima dell\u2019iscrizione inviare una mail a&nbsp;info@campionesailing.it comunicando l\u2019arrivo della prenotazione con codice promozionale ed allegando documento attestante la residenza. Condizioni In [&hellip;]<\/p>\n","protected":false},"author":1,"featured_media":0,"parent":2821,"menu_order":0,"comment_status":"closed","ping_status":"closed","template":"","meta":{"cybocfi_hide_featured_image":"","footnotes":""},"class_list":["post-1803","page","type-page","status-publish","hentry"],"aioseo_notices":[],"jetpack_sharing_enabled":true,"_links":{"self":[{"href":"https:\/\/campionesailing.it\/it\/wp-json\/wp\/v2\/pages\/1803","targetHints":{"allow":["GET"]}}],"collection":[{"href":"https:\/\/campionesailing.it\/it\/wp-json\/wp\/v2\/pages"}],"about":[{"href":"https:\/\/campionesailing.it\/it\/wp-json\/wp\/v2\/types\/page"}],"author":[{"embeddable":true,"href":"https:\/\/campionesailing.it\/it\/wp-json\/wp\/v2\/users\/1"}],"replies":[{"embeddable":true,"href":"https:\/\/campionesailing.it\/it\/wp-json\/wp\/v2\/comments?post=1803"}],"version-history":[{"count":2,"href":"https:\/\/campionesailing.it\/it\/wp-json\/wp\/v2\/pages\/1803\/revisions"}],"predecessor-version":[{"id":2786,"href":"https:\/\/campionesailing.it\/it\/wp-json\/wp\/v2\/pages\/1803\/revisions\/2786"}],"up":[{"embeddable":true,"href":"https:\/\/campionesailing.it\/it\/wp-json\/wp\/v2\/pages\/2821"}],"wp:attachment":[{"href":"https:\/\/campionesailing.it\/it\/wp-json\/wp\/v2\/media?parent=1803"}],"curies":[{"name":"wp","href":"https:\/\/api.w.org\/{rel}","templated":true}]}}