{"id":3257,"date":"2025-06-18T13:27:09","date_gmt":"2025-06-18T13:27:09","guid":{"rendered":"https:\/\/campionesailing.it\/?page_id=3257"},"modified":"2025-08-10T14:26:34","modified_gmt":"2025-08-10T14:26:34","slug":"la-mia-prima-lezione-di-vela-alluniversita-di-univela-unesperienza-meravigliosa","status":"publish","type":"page","link":"https:\/\/campionesailing.it\/it\/recensioni\/la-mia-prima-lezione-di-vela-alluniversita-di-univela-unesperienza-meravigliosa\/","title":{"rendered":"La mia prima lezione di vela all\u2019Universit\u00e0 di Univela: un\u2019esperienza meravigliosa!"},"content":{"rendered":"\n<p>\u2605\u2605\u2605\u2605\u2605<\/p>\n\n\n\n<p>Ho appena vissuto la mia prima lezione di vela presso l\u2019Universit\u00e0 di Barca a Vela di Univela, e posso dire con il cuore pieno di gioia che \u00e8 stata un\u2019esperienza magnifica, bellissima, semplicemente indimenticabile.<\/p>\n\n\n\n<p>Ho avuto la fortuna di essere seguita dall\u2019istruttrice Katie, una professionista straordinaria: gentilissima, paziente, scrupolosa e molto tecnica. Ma ci\u00f2 che ho apprezzato di pi\u00f9 \u00e8 stato il suo approccio: mi ha trasmesso sicurezza e allo stesso tempo mi ha lasciata libera di esplorare, provare da sola, imparare davvero \u201csentendo\u201d il vento e le manovre. Una guida perfetta per chi, come me, si avvicina per la prima volta a questo affascinante mondo.<\/p>\n\n\n\n<p>Oltre alla qualit\u00e0 dell\u2019insegnamento, ho trovato in Univela un ambiente meraviglioso: tutto il team \u00e8 estremamente accogliente, ben organizzato e disponibile. C\u2019\u00e8 un\u2019atmosfera serena e amichevole che fa sentire subito a proprio agio.<\/p>\n\n\n\n<p>La struttura offre tantissimi servizi: bagni e spogliatoi comodi, un giardino con bar, uno spazio giochi per bambini, scuola di vela e di kite, una spiaggia bellissima, un ristorante e persino un albergo. Un luogo davvero unico dove corpo e mente possono rigenerarsi.<\/p>\n\n\n\n<p>Non vedo l\u2019ora di tornare e continuare questo percorso. Grazie di cuore a tutto il team Univela: mi avete regalato una giornata speciale, che porter\u00f2 sempre con me.<\/p>\n\n\n\n<p class=\"has-text-align-right\">Karyna P<\/p>\n\n\n\n<p><\/p>\n","protected":false},"excerpt":{"rendered":"<p>\u2605\u2605\u2605\u2605\u2605 Ho appena vissuto la mia prima lezione di vela presso l\u2019Universit\u00e0 di Barca a Vela di Univela, e posso dire con il cuore pieno di gioia che \u00e8 stata un\u2019esperienza magnifica, bellissima, semplicemente indimenticabile. Ho avuto la fortuna di essere seguita dall\u2019istruttrice Katie, una professionista straordinaria: gentilissima, paziente, scrupolosa e molto tecnica. Ma ci\u00f2 [&hellip;]<\/p>\n","protected":false},"author":47,"featured_media":0,"parent":3230,"menu_order":0,"comment_status":"closed","ping_status":"closed","template":"","meta":{"cybocfi_hide_featured_image":"","footnotes":""},"class_list":["post-3257","page","type-page","status-publish","hentry"],"aioseo_notices":[],"jetpack_sharing_enabled":true,"_links":{"self":[{"href":"https:\/\/campionesailing.it\/it\/wp-json\/wp\/v2\/pages\/3257","targetHints":{"allow":["GET"]}}],"collection":[{"href":"https:\/\/campionesailing.it\/it\/wp-json\/wp\/v2\/pages"}],"about":[{"href":"https:\/\/campionesailing.it\/it\/wp-json\/wp\/v2\/types\/page"}],"author":[{"embeddable":true,"href":"https:\/\/campionesailing.it\/it\/wp-json\/wp\/v2\/users\/47"}],"replies":[{"embeddable":true,"href":"https:\/\/campionesailing.it\/it\/wp-json\/wp\/v2\/comments?post=3257"}],"version-history":[{"count":3,"href":"https:\/\/campionesailing.it\/it\/wp-json\/wp\/v2\/pages\/3257\/revisions"}],"predecessor-version":[{"id":3289,"href":"https:\/\/campionesailing.it\/it\/wp-json\/wp\/v2\/pages\/3257\/revisions\/3289"}],"up":[{"embeddable":true,"href":"https:\/\/campionesailing.it\/it\/wp-json\/wp\/v2\/pages\/3230"}],"wp:attachment":[{"href":"https:\/\/campionesailing.it\/it\/wp-json\/wp\/v2\/media?parent=3257"}],"curies":[{"name":"wp","href":"https:\/\/api.w.org\/{rel}","templated":true}]}}