{"id":3282,"date":"2025-07-06T14:02:07","date_gmt":"2025-07-06T14:02:07","guid":{"rendered":"https:\/\/campionesailing.it\/?page_id=3282"},"modified":"2025-08-10T14:50:14","modified_gmt":"2025-08-10T14:50:14","slug":"gli-istruttori-sono-stati-bravissimi-e-gentilissimi","status":"publish","type":"page","link":"https:\/\/campionesailing.it\/it\/recensioni\/gli-istruttori-sono-stati-bravissimi-e-gentilissimi\/","title":{"rendered":"Gli istruttori sono stati bravissimi e gentilissimi"},"content":{"rendered":"\n<p>\u2605\u2605\u2605\u2605\u2605<\/p>\n\n\n\n<figure class=\"wp-block-table\"><table class=\"has-fixed-layout\" style=\"border-style:none;border-width:0px\"><tbody><tr><td>Gli istruttori sono stati bravissimi e gentilissimi, hanno lasciato i ragazzi molto autonomi e questo gli ha permesso di imparare di pi\u00f9. Sicuramente mia figlia torner\u00e0 il prossimo anno. Tuttavia la direttrice Arianna dice molte parolacce ed \u00e8 maleducata.<\/td><\/tr><tr><th><\/th><\/tr><\/tbody><\/table><\/figure>\n\n\n\n<p class=\"has-text-align-right\">Elisa T<\/p>\n","protected":false},"excerpt":{"rendered":"<p>\u2605\u2605\u2605\u2605\u2605 Gli istruttori sono stati bravissimi e gentilissimi, hanno lasciato i ragazzi molto autonomi e questo gli ha permesso di imparare di pi\u00f9. Sicuramente mia figlia torner\u00e0 il prossimo anno. Tuttavia la direttrice Arianna dice molte parolacce ed \u00e8 maleducata. Elisa T<\/p>\n","protected":false},"author":47,"featured_media":0,"parent":3230,"menu_order":0,"comment_status":"closed","ping_status":"closed","template":"","meta":{"cybocfi_hide_featured_image":"","footnotes":""},"class_list":["post-3282","page","type-page","status-publish","hentry"],"aioseo_notices":[],"jetpack_sharing_enabled":true,"_links":{"self":[{"href":"https:\/\/campionesailing.it\/it\/wp-json\/wp\/v2\/pages\/3282","targetHints":{"allow":["GET"]}}],"collection":[{"href":"https:\/\/campionesailing.it\/it\/wp-json\/wp\/v2\/pages"}],"about":[{"href":"https:\/\/campionesailing.it\/it\/wp-json\/wp\/v2\/types\/page"}],"author":[{"embeddable":true,"href":"https:\/\/campionesailing.it\/it\/wp-json\/wp\/v2\/users\/47"}],"replies":[{"embeddable":true,"href":"https:\/\/campionesailing.it\/it\/wp-json\/wp\/v2\/comments?post=3282"}],"version-history":[{"count":3,"href":"https:\/\/campionesailing.it\/it\/wp-json\/wp\/v2\/pages\/3282\/revisions"}],"predecessor-version":[{"id":3300,"href":"https:\/\/campionesailing.it\/it\/wp-json\/wp\/v2\/pages\/3282\/revisions\/3300"}],"up":[{"embeddable":true,"href":"https:\/\/campionesailing.it\/it\/wp-json\/wp\/v2\/pages\/3230"}],"wp:attachment":[{"href":"https:\/\/campionesailing.it\/it\/wp-json\/wp\/v2\/media?parent=3282"}],"curies":[{"name":"wp","href":"https:\/\/api.w.org\/{rel}","templated":true}]}}