{"id":3316,"date":"2025-07-20T15:08:04","date_gmt":"2025-07-20T15:08:04","guid":{"rendered":"https:\/\/campionesailing.it\/?page_id=3316"},"modified":"2025-08-10T15:09:59","modified_gmt":"2025-08-10T15:09:59","slug":"mio-figlio-non-e-stato-bene-a-meta-della-settimana","status":"publish","type":"page","link":"https:\/\/campionesailing.it\/it\/recensioni\/mio-figlio-non-e-stato-bene-a-meta-della-settimana\/","title":{"rendered":"Mio figlio non \u00e8 stato bene a met\u00e0 della settimana"},"content":{"rendered":"\n<p>\u2605\u2605\u2605<\/p>\n\n\n\n<p>Mio figlio non \u00e8 stato bene a met\u00e0 della settimana e questa cosa ha messo in luce due aspetti: Il primo che non c\u2019\u00e8 una guardia medica in e caso di bisogno e considerando che sono tutti bambini e il primo ps \u00e8 a 40 min \u00e8 un fatto non da poco. Il secondo aspetto \u00e8 che forse i ritmi sono troppo intensi dato che mio figlio non \u00e8 stato l\u2019unico ad avere problemi? Forse personale troppo giovane per sorvegliare i bambini?<\/p>\n\n\n\n<p class=\"has-text-align-right\">Annalisa B<\/p>\n\n\n\n<p><\/p>\n","protected":false},"excerpt":{"rendered":"<p>\u2605\u2605\u2605 Mio figlio non \u00e8 stato bene a met\u00e0 della settimana e questa cosa ha messo in luce due aspetti: Il primo che non c\u2019\u00e8 una guardia medica in e caso di bisogno e considerando che sono tutti bambini e il primo ps \u00e8 a 40 min \u00e8 un fatto non da poco. Il secondo [&hellip;]<\/p>\n","protected":false},"author":47,"featured_media":0,"parent":3230,"menu_order":0,"comment_status":"closed","ping_status":"closed","template":"","meta":{"cybocfi_hide_featured_image":"","footnotes":""},"class_list":["post-3316","page","type-page","status-publish","hentry"],"aioseo_notices":[],"jetpack_sharing_enabled":true,"_links":{"self":[{"href":"https:\/\/campionesailing.it\/it\/wp-json\/wp\/v2\/pages\/3316","targetHints":{"allow":["GET"]}}],"collection":[{"href":"https:\/\/campionesailing.it\/it\/wp-json\/wp\/v2\/pages"}],"about":[{"href":"https:\/\/campionesailing.it\/it\/wp-json\/wp\/v2\/types\/page"}],"author":[{"embeddable":true,"href":"https:\/\/campionesailing.it\/it\/wp-json\/wp\/v2\/users\/47"}],"replies":[{"embeddable":true,"href":"https:\/\/campionesailing.it\/it\/wp-json\/wp\/v2\/comments?post=3316"}],"version-history":[{"count":2,"href":"https:\/\/campionesailing.it\/it\/wp-json\/wp\/v2\/pages\/3316\/revisions"}],"predecessor-version":[{"id":3318,"href":"https:\/\/campionesailing.it\/it\/wp-json\/wp\/v2\/pages\/3316\/revisions\/3318"}],"up":[{"embeddable":true,"href":"https:\/\/campionesailing.it\/it\/wp-json\/wp\/v2\/pages\/3230"}],"wp:attachment":[{"href":"https:\/\/campionesailing.it\/it\/wp-json\/wp\/v2\/media?parent=3316"}],"curies":[{"name":"wp","href":"https:\/\/api.w.org\/{rel}","templated":true}]}}