{"id":3471,"date":"2026-05-11T12:34:26","date_gmt":"2026-05-11T12:34:26","guid":{"rendered":"https:\/\/campionesailing.it\/?page_id=3471"},"modified":"2026-05-11T13:02:53","modified_gmt":"2026-05-11T13:02:53","slug":"utilizza-un-voucher-acquistato-o-ricevuto-in-regalo","status":"publish","type":"page","link":"https:\/\/campionesailing.it\/it\/utilizza-un-voucher-acquistato-o-ricevuto-in-regalo\/","title":{"rendered":"Utilizza un voucher acquistato o ricevuto in regalo"},"content":{"rendered":"\n<p>Hai ricevuto un voucher regalo Campione Sailing? Per riscattarlo, ti basta prenotare online l\u2019attivit\u00e0 che preferisci e inserire il codice voucher durante la procedura di booking.<\/p>\n\n\n\n<h2 class=\"wp-block-heading\" id=\"come-fare\">Come fare<\/h2>\n\n\n\n<ol class=\"wp-block-list\">\n<li>Scegli l\u2019attivit\u00e0 o il corso che vuoi prenotare su Campione Sailing.<a href=\"https:\/\/campionesailing.it\/it\/\" target=\"_blank\" rel=\"noreferrer noopener\"><\/a><\/li>\n\n\n\n<li>Seleziona data, orario e partecipanti nel sistema di prenotazione.<\/li>\n\n\n\n<li>Durante la prenotazione, inserisci il tuo codice voucher nel campo dedicato ai voucher o ai codici promozionali.<\/li>\n\n\n\n<li>Completa la richiesta: se il voucher copre l\u2019intero importo, la prenotazione viene confermata; se il valore \u00e8 solo parziale, puoi pagare la differenza direttamente al checkout.<\/li>\n<\/ol>\n\n\n\n<h2 class=\"wp-block-heading\" id=\"informazioni-utili\">Informazioni utili<\/h2>\n\n\n\n<p>Il codice voucher va inserito esattamente come ricevuto, cos\u00ec il sistema pu\u00f2 applicarlo correttamente alla prenotazione. Il voucher pu\u00f2 essere usato durante il processo di prenotazione online, senza procedure aggiuntive o richieste separate.<\/p>\n\n\n\n<figure class=\"wp-block-table alignwide\"><table class=\"has-fixed-layout\"><tbody><tr><td class=\"has-text-align-left\" data-align=\"left\"><script type=\"text\/javascript\" src=\"https:\/\/bookeo.com\/widget.js?a=425536WLCH91906ACCDAFA&startmode=voucher\"><\/script><\/td><\/tr><\/tbody><\/table><\/figure>\n","protected":false},"excerpt":{"rendered":"<p>Hai ricevuto un voucher regalo Campione Sailing? Per riscattarlo, ti basta prenotare online l\u2019attivit\u00e0 che preferisci e inserire il codice voucher durante la procedura di booking. Come fare Informazioni utili Il codice voucher va inserito esattamente come ricevuto, cos\u00ec il sistema pu\u00f2 applicarlo correttamente alla prenotazione. Il voucher pu\u00f2 essere usato durante il processo di [&hellip;]<\/p>\n","protected":false},"author":1,"featured_media":0,"parent":0,"menu_order":0,"comment_status":"closed","ping_status":"closed","template":"","meta":{"cybocfi_hide_featured_image":"","footnotes":""},"class_list":["post-3471","page","type-page","status-publish","hentry"],"aioseo_notices":[],"jetpack_sharing_enabled":true,"_links":{"self":[{"href":"https:\/\/campionesailing.it\/it\/wp-json\/wp\/v2\/pages\/3471","targetHints":{"allow":["GET"]}}],"collection":[{"href":"https:\/\/campionesailing.it\/it\/wp-json\/wp\/v2\/pages"}],"about":[{"href":"https:\/\/campionesailing.it\/it\/wp-json\/wp\/v2\/types\/page"}],"author":[{"embeddable":true,"href":"https:\/\/campionesailing.it\/it\/wp-json\/wp\/v2\/users\/1"}],"replies":[{"embeddable":true,"href":"https:\/\/campionesailing.it\/it\/wp-json\/wp\/v2\/comments?post=3471"}],"version-history":[{"count":2,"href":"https:\/\/campionesailing.it\/it\/wp-json\/wp\/v2\/pages\/3471\/revisions"}],"predecessor-version":[{"id":3475,"href":"https:\/\/campionesailing.it\/it\/wp-json\/wp\/v2\/pages\/3471\/revisions\/3475"}],"wp:attachment":[{"href":"https:\/\/campionesailing.it\/it\/wp-json\/wp\/v2\/media?parent=3471"}],"curies":[{"name":"wp","href":"https:\/\/api.w.org\/{rel}","templated":true}]}}